{"id":84,"date":"2024-05-03T13:15:14","date_gmt":"2024-05-03T13:15:14","guid":{"rendered":"https:\/\/www.fondue-zhangge.fr\/?page_id=84"},"modified":"2025-07-04T13:13:07","modified_gmt":"2025-07-04T13:13:07","slug":"reservation","status":"publish","type":"page","link":"https:\/\/www.fondue-zhangge.fr\/index.php\/reservation\/","title":{"rendered":"R\u00e9servation"},"content":{"rendered":"<script>\n    window.location.href = \"https:\/\/reservation.fondue-zhangge.fr\/\";\n  <\/script>","protected":false},"excerpt":{"rendered":"","protected":false},"author":1,"featured_media":0,"parent":0,"menu_order":0,"comment_status":"closed","ping_status":"closed","template":"","meta":{"footnotes":""},"class_list":["post-84","page","type-page","status-publish","hentry"],"yoast_head":"<!-- This site is optimized with the Yoast SEO plugin v23.7 - https:\/\/yoast.com\/wordpress\/plugins\/seo\/ -->\n<title>R\u00e9servation - Fondue Zhangge \u5df4\u9ece\u6da8\u683c\u91cd\u5e86\u8001\u706b\u9505<\/title>\n<meta name=\"robots\" content=\"index, follow, max-snippet:-1, max-image-preview:large, max-video-preview:-1\" \/>\n<link rel=\"canonical\" href=\"https:\/\/www.fondue-zhangge.fr\/index.php\/reservation\/\" \/>\n<meta property=\"og:locale\" content=\"fr_FR\" \/>\n<meta property=\"og:type\" content=\"article\" \/>\n<meta property=\"og:title\" content=\"R\u00e9servation - Fondue Zhangge \u5df4\u9ece\u6da8\u683c\u91cd\u5e86\u8001\u706b\u9505\" \/>\n<meta property=\"og:url\" content=\"https:\/\/www.fondue-zhangge.fr\/index.php\/reservation\/\" \/>\n<meta property=\"og:site_name\" content=\"Fondue Zhangge \u5df4\u9ece\u6da8\u683c\u91cd\u5e86\u8001\u706b\u9505\" \/>\n<meta property=\"article:publisher\" content=\"https:\/\/www.facebook.com\/profile.php?id=61566523509854\" \/>\n<meta property=\"article:modified_time\" content=\"2025-07-04T13:13:07+00:00\" \/>\n<meta property=\"og:image\" content=\"https:\/\/www.fondue-zhangge.fr\/wp-content\/uploads\/2024\/03\/fondue.jpg\" \/>\n\t<meta property=\"og:image:width\" content=\"1024\" \/>\n\t<meta property=\"og:image:height\" content=\"575\" \/>\n\t<meta property=\"og:image:type\" content=\"image\/jpeg\" \/>\n<meta name=\"twitter:card\" content=\"summary_large_image\" \/>\n<meta name=\"twitter:site\" content=\"@Fondue_Zhangge\" \/>\n<script type=\"application\/ld+json\" class=\"yoast-schema-graph\">{\"@context\":\"https:\/\/schema.org\",\"@graph\":[{\"@type\":\"WebPage\",\"@id\":\"https:\/\/www.fondue-zhangge.fr\/index.php\/reservation\/\",\"url\":\"https:\/\/www.fondue-zhangge.fr\/index.php\/reservation\/\",\"name\":\"R\u00e9servation - Fondue Zhangge \u5df4\u9ece\u6da8\u683c\u91cd\u5e86\u8001\u706b\u9505\",\"isPartOf\":{\"@id\":\"https:\/\/www.fondue-zhangge.fr\/#website\"},\"datePublished\":\"2024-05-03T13:15:14+00:00\",\"dateModified\":\"2025-07-04T13:13:07+00:00\",\"breadcrumb\":{\"@id\":\"https:\/\/www.fondue-zhangge.fr\/index.php\/reservation\/#breadcrumb\"},\"inLanguage\":\"fr-FR\",\"potentialAction\":[{\"@type\":\"ReadAction\",\"target\":[\"https:\/\/www.fondue-zhangge.fr\/index.php\/reservation\/\"]}]},{\"@type\":\"BreadcrumbList\",\"@id\":\"https:\/\/www.fondue-zhangge.fr\/index.php\/reservation\/#breadcrumb\",\"itemListElement\":[{\"@type\":\"ListItem\",\"position\":1,\"name\":\"Accueil\",\"item\":\"https:\/\/www.fondue-zhangge.fr\/\"},{\"@type\":\"ListItem\",\"position\":2,\"name\":\"R\u00e9servation\"}]},{\"@type\":\"WebSite\",\"@id\":\"https:\/\/www.fondue-zhangge.fr\/#website\",\"url\":\"https:\/\/www.fondue-zhangge.fr\/\",\"name\":\"Fondue Zhangge \u5df4\u9ece\u6da8\u683c\u91cd\u5e86\u8001\u706b\u9505\",\"description\":\"Chez FONDUE ZHANGGE (\u5df4\u9ece\u6da8\u683c), nous nous engageons \u00e0 offrir une exp\u00e9rience gastronomique qui marie harmonieusement des ingr\u00e9dients de qualit\u00e9\",\"publisher\":{\"@id\":\"https:\/\/www.fondue-zhangge.fr\/#organization\"},\"alternateName\":\"Fondue Zhangge \u5df4\u9ece\u6da8\u683c\u91cd\u5e86\u8001\u706b\u9505\",\"potentialAction\":[{\"@type\":\"SearchAction\",\"target\":{\"@type\":\"EntryPoint\",\"urlTemplate\":\"https:\/\/www.fondue-zhangge.fr\/?s={search_term_string}\"},\"query-input\":{\"@type\":\"PropertyValueSpecification\",\"valueRequired\":true,\"valueName\":\"search_term_string\"}}],\"inLanguage\":\"fr-FR\"},{\"@type\":\"Organization\",\"@id\":\"https:\/\/www.fondue-zhangge.fr\/#organization\",\"name\":\"Fondue Zhangge \u5df4\u9ece\u6da8\u683c\u91cd\u5e86\u8001\u706b\u9505\",\"alternateName\":\"Fondue Zhangge \u5df4\u9ece\u6da8\u683c\u91cd\u5e86\u8001\u706b\u9505\",\"url\":\"https:\/\/www.fondue-zhangge.fr\/\",\"logo\":{\"@type\":\"ImageObject\",\"inLanguage\":\"fr-FR\",\"@id\":\"https:\/\/www.fondue-zhangge.fr\/#\/schema\/logo\/image\/\",\"url\":\"https:\/\/www.fondue-zhangge.fr\/wp-content\/uploads\/2024\/10\/logo-1x1-1.jpg\",\"contentUrl\":\"https:\/\/www.fondue-zhangge.fr\/wp-content\/uploads\/2024\/10\/logo-1x1-1.jpg\",\"width\":400,\"height\":400,\"caption\":\"Fondue Zhangge \u5df4\u9ece\u6da8\u683c\u91cd\u5e86\u8001\u706b\u9505\"},\"image\":{\"@id\":\"https:\/\/www.fondue-zhangge.fr\/#\/schema\/logo\/image\/\"},\"sameAs\":[\"https:\/\/www.facebook.com\/profile.php?id=61566523509854\",\"https:\/\/x.com\/Fondue_Zhangge\"]}]}<\/script>\n<!-- \/ Yoast SEO plugin. -->","yoast_head_json":{"title":"R\u00e9servation - Fondue Zhangge \u5df4\u9ece\u6da8\u683c\u91cd\u5e86\u8001\u706b\u9505","robots":{"index":"index","follow":"follow","max-snippet":"max-snippet:-1","max-image-preview":"max-image-preview:large","max-video-preview":"max-video-preview:-1"},"canonical":"https:\/\/www.fondue-zhangge.fr\/index.php\/reservation\/","og_locale":"fr_FR","og_type":"article","og_title":"R\u00e9servation - Fondue Zhangge \u5df4\u9ece\u6da8\u683c\u91cd\u5e86\u8001\u706b\u9505","og_url":"https:\/\/www.fondue-zhangge.fr\/index.php\/reservation\/","og_site_name":"Fondue Zhangge \u5df4\u9ece\u6da8\u683c\u91cd\u5e86\u8001\u706b\u9505","article_publisher":"https:\/\/www.facebook.com\/profile.php?id=61566523509854","article_modified_time":"2025-07-04T13:13:07+00:00","og_image":[{"width":1024,"height":575,"url":"https:\/\/www.fondue-zhangge.fr\/wp-content\/uploads\/2024\/03\/fondue.jpg","type":"image\/jpeg"}],"twitter_card":"summary_large_image","twitter_site":"@Fondue_Zhangge","schema":{"@context":"https:\/\/schema.org","@graph":[{"@type":"WebPage","@id":"https:\/\/www.fondue-zhangge.fr\/index.php\/reservation\/","url":"https:\/\/www.fondue-zhangge.fr\/index.php\/reservation\/","name":"R\u00e9servation - Fondue Zhangge \u5df4\u9ece\u6da8\u683c\u91cd\u5e86\u8001\u706b\u9505","isPartOf":{"@id":"https:\/\/www.fondue-zhangge.fr\/#website"},"datePublished":"2024-05-03T13:15:14+00:00","dateModified":"2025-07-04T13:13:07+00:00","breadcrumb":{"@id":"https:\/\/www.fondue-zhangge.fr\/index.php\/reservation\/#breadcrumb"},"inLanguage":"fr-FR","potentialAction":[{"@type":"ReadAction","target":["https:\/\/www.fondue-zhangge.fr\/index.php\/reservation\/"]}]},{"@type":"BreadcrumbList","@id":"https:\/\/www.fondue-zhangge.fr\/index.php\/reservation\/#breadcrumb","itemListElement":[{"@type":"ListItem","position":1,"name":"Accueil","item":"https:\/\/www.fondue-zhangge.fr\/"},{"@type":"ListItem","position":2,"name":"R\u00e9servation"}]},{"@type":"WebSite","@id":"https:\/\/www.fondue-zhangge.fr\/#website","url":"https:\/\/www.fondue-zhangge.fr\/","name":"Fondue Zhangge \u5df4\u9ece\u6da8\u683c\u91cd\u5e86\u8001\u706b\u9505","description":"Chez FONDUE ZHANGGE (\u5df4\u9ece\u6da8\u683c), nous nous engageons \u00e0 offrir une exp\u00e9rience gastronomique qui marie harmonieusement des ingr\u00e9dients de qualit\u00e9","publisher":{"@id":"https:\/\/www.fondue-zhangge.fr\/#organization"},"alternateName":"Fondue Zhangge \u5df4\u9ece\u6da8\u683c\u91cd\u5e86\u8001\u706b\u9505","potentialAction":[{"@type":"SearchAction","target":{"@type":"EntryPoint","urlTemplate":"https:\/\/www.fondue-zhangge.fr\/?s={search_term_string}"},"query-input":{"@type":"PropertyValueSpecification","valueRequired":true,"valueName":"search_term_string"}}],"inLanguage":"fr-FR"},{"@type":"Organization","@id":"https:\/\/www.fondue-zhangge.fr\/#organization","name":"Fondue Zhangge \u5df4\u9ece\u6da8\u683c\u91cd\u5e86\u8001\u706b\u9505","alternateName":"Fondue Zhangge \u5df4\u9ece\u6da8\u683c\u91cd\u5e86\u8001\u706b\u9505","url":"https:\/\/www.fondue-zhangge.fr\/","logo":{"@type":"ImageObject","inLanguage":"fr-FR","@id":"https:\/\/www.fondue-zhangge.fr\/#\/schema\/logo\/image\/","url":"https:\/\/www.fondue-zhangge.fr\/wp-content\/uploads\/2024\/10\/logo-1x1-1.jpg","contentUrl":"https:\/\/www.fondue-zhangge.fr\/wp-content\/uploads\/2024\/10\/logo-1x1-1.jpg","width":400,"height":400,"caption":"Fondue Zhangge \u5df4\u9ece\u6da8\u683c\u91cd\u5e86\u8001\u706b\u9505"},"image":{"@id":"https:\/\/www.fondue-zhangge.fr\/#\/schema\/logo\/image\/"},"sameAs":["https:\/\/www.facebook.com\/profile.php?id=61566523509854","https:\/\/x.com\/Fondue_Zhangge"]}]}},"_links":{"self":[{"href":"https:\/\/www.fondue-zhangge.fr\/index.php\/wp-json\/wp\/v2\/pages\/84","targetHints":{"allow":["GET"]}}],"collection":[{"href":"https:\/\/www.fondue-zhangge.fr\/index.php\/wp-json\/wp\/v2\/pages"}],"about":[{"href":"https:\/\/www.fondue-zhangge.fr\/index.php\/wp-json\/wp\/v2\/types\/page"}],"author":[{"embeddable":true,"href":"https:\/\/www.fondue-zhangge.fr\/index.php\/wp-json\/wp\/v2\/users\/1"}],"replies":[{"embeddable":true,"href":"https:\/\/www.fondue-zhangge.fr\/index.php\/wp-json\/wp\/v2\/comments?post=84"}],"version-history":[{"count":5,"href":"https:\/\/www.fondue-zhangge.fr\/index.php\/wp-json\/wp\/v2\/pages\/84\/revisions"}],"predecessor-version":[{"id":1368,"href":"https:\/\/www.fondue-zhangge.fr\/index.php\/wp-json\/wp\/v2\/pages\/84\/revisions\/1368"}],"wp:attachment":[{"href":"https:\/\/www.fondue-zhangge.fr\/index.php\/wp-json\/wp\/v2\/media?parent=84"}],"curies":[{"name":"wp","href":"https:\/\/api.w.org\/{rel}","templated":true}]}}